{"id":639,"date":"2025-04-30T14:24:06","date_gmt":"2025-04-30T14:24:06","guid":{"rendered":"https:\/\/www.villa-noela.com\/?page_id=639"},"modified":"2025-05-06T19:39:23","modified_gmt":"2025-05-06T19:39:23","slug":"apartman-vili","status":"publish","type":"page","link":"https:\/\/www.villa-noela.com\/?page_id=639","title":{"rendered":"Apartman 1"},"content":{"rendered":"\n<h4 class=\"wp-block-heading\">Apartman 1 &#8211; 2+2* (na upit)<\/h4>\n\n\n\n<p><strong>Opis:<\/strong><\/p>\n\n\n\n<p>Prizemlje 44 m\u00b2, spava\u0107a soba s bra\u010dnim krevetom, kupatilo s tu\u0161em\/ wc, dnevni boravak, blagovaonica i kuhinja su jedna prostorija u kojoj se nalazi kau\u010d na razvla\u010denje te ispada le\u017eaj za dvije osobe, natkrivena terasa<\/p>\n\n\n\n<p><strong>Sadr\u017eaj:<\/strong><\/p>\n\n\n\n<p>Aparat za kavu, kuhalo za vodu, \u0161tednjak na plin s dvije plo\u010de za kuhanje, su\u0161ilica za kosu, gla\u010dalo i daska za gla\u010danje, sat-TV, sef, be\u017ei\u010dni (free wi-fi) priklju\u010dak na internet, klima ure\u0111aj, perilica za rublje<\/p>\n\n\n\n<p><strong>Na upit:<\/strong><\/p>\n\n\n\n<p>Dje\u010dji kreveti\u0107 i stolica hranilica za bebu \u2013 5 \u20ac\/ dan<\/p>\n\n\n\n<p><strong>Pu\u0161enje u apartmanu nije dozvoljeno.<\/strong><\/p>\n\n\n\n<p>Kalendar popunjenosti i cjenik ispunjavaju vlasnici apartmana sami te postoji mogu\u0107nost da nisu uvijek a\u017eurirani.<\/p>\n\n\n\n<p><strong>Cijena pokriva:<\/strong><\/p>\n\n\n\n<p>Najam smje\u0161taja, posteljinu, kuhinjske krpe, ru\u010dnike, wc papir samo na dolasku, tjedno mjenjanje posteljine, zavr\u0161no \u010di\u0161\u0107enje, potro\u0161nju struje, vode i plina u obi\u010dajenom omjeru.<\/p>\n\n\n\n<p>U navedene cijene uklju\u010dene su turisti\u010dke takse (prijava boravka te boravi\u0161na pristojba).<\/p>\n\n\n\n<p>Dragi gosti, ukoliko \u0107e pri odlasku stan biti osobito prljav i neuredan, obra\u0107unat \u0107emo naknadu od 50 eura.<\/p>\n\n\n\n<p><\/p>\n\n\n\n<p><strong>check in od 14 sati<\/strong><\/p>\n\n\n\n<p><strong>check out do 10 sati<\/strong><\/p>\n\n\n\n<div id=\"wp-block-themeisle-blocks-slider-994d9d28\" class=\"wp-block-themeisle-blocks-slider glide\" data-per-view=\"1\" data-gap=\"0\" data-peek=\"0\" data-autoplay=\"true\" data-height=\"400px\" data-hide-arrows=\"false\"><div class=\"glide__track\" data-glide-el=\"track\"><div class=\"glide__slides\"><div class=\"wp-block-themeisle-blocks-slider-item-wrapper glide__slide\" tabindex=\"0\"><figure><img decoding=\"async\" class=\"wp-block-themeisle-blocks-slider-item\" src=\"http:\/\/www.villa-noela.com\/wp-content\/uploads\/2025\/05\/1terasa.jpg\" alt=\"\" title=\"\" data-id=\"1068\"\/><\/figure><\/div><div class=\"wp-block-themeisle-blocks-slider-item-wrapper glide__slide\" tabindex=\"0\"><figure><img decoding=\"async\" class=\"wp-block-themeisle-blocks-slider-item\" src=\"http:\/\/www.villa-noela.com\/wp-content\/uploads\/2025\/05\/2blagavaonica.jpg\" alt=\"\" title=\"\" data-id=\"1069\"\/><\/figure><\/div><div class=\"wp-block-themeisle-blocks-slider-item-wrapper glide__slide\" tabindex=\"0\"><figure><img decoding=\"async\" class=\"wp-block-themeisle-blocks-slider-item\" src=\"http:\/\/www.villa-noela.com\/wp-content\/uploads\/2025\/05\/3blagavaonica.jpg\" alt=\"\" title=\"\" data-id=\"1070\"\/><\/figure><\/div><div class=\"wp-block-themeisle-blocks-slider-item-wrapper glide__slide\" tabindex=\"0\"><figure><img decoding=\"async\" class=\"wp-block-themeisle-blocks-slider-item\" src=\"http:\/\/www.villa-noela.com\/wp-content\/uploads\/2025\/05\/4soba.jpg\" alt=\"\" title=\"\" data-id=\"1071\"\/><\/figure><\/div><div class=\"wp-block-themeisle-blocks-slider-item-wrapper glide__slide\" tabindex=\"0\"><figure><img decoding=\"async\" class=\"wp-block-themeisle-blocks-slider-item\" src=\"http:\/\/www.villa-noela.com\/wp-content\/uploads\/2025\/05\/5kupatilo.jpg\" alt=\"\" title=\"\" data-id=\"1072\"\/><\/figure><\/div><\/div><div class=\"glide__bullets\" data-glide-el=\"controls[nav]\"><button class=\"glide__bullet\" data-glide-dir=\"=0\"><\/button><button class=\"glide__bullet\" data-glide-dir=\"=1\"><\/button><button class=\"glide__bullet\" data-glide-dir=\"=2\"><\/button><button class=\"glide__bullet\" data-glide-dir=\"=3\"><\/button><button class=\"glide__bullet\" data-glide-dir=\"=4\"><\/button><\/div><\/div><\/div>\n","protected":false},"excerpt":{"rendered":"<p>Apartman 1 &#8211; 2+2* (na upit) Opis: Prizemlje 44 m\u00b2, spava\u0107a soba s bra\u010dnim krevetom, kupatilo s tu\u0161em\/ wc, dnevni boravak, blagovaonica i kuhinja su jedna prostorija u kojoj se nalazi kau\u010d na razvla\u010denje te ispada le\u017eaj za dvije osobe, natkrivena terasa Sadr\u017eaj: Aparat za kavu, kuhalo za vodu, \u0161tednjak [&hellip;]<\/p>\n","protected":false},"author":1,"featured_media":1041,"parent":0,"menu_order":0,"comment_status":"closed","ping_status":"closed","template":"","meta":{"_themeisle_gutenberg_block_has_review":false,"_kadence_starter_templates_imported_post":false,"footnotes":""},"class_list":["post-639","page","type-page","status-publish","has-post-thumbnail","hentry"],"_links":{"self":[{"href":"https:\/\/www.villa-noela.com\/index.php?rest_route=\/wp\/v2\/pages\/639","targetHints":{"allow":["GET"]}}],"collection":[{"href":"https:\/\/www.villa-noela.com\/index.php?rest_route=\/wp\/v2\/pages"}],"about":[{"href":"https:\/\/www.villa-noela.com\/index.php?rest_route=\/wp\/v2\/types\/page"}],"author":[{"embeddable":true,"href":"https:\/\/www.villa-noela.com\/index.php?rest_route=\/wp\/v2\/users\/1"}],"replies":[{"embeddable":true,"href":"https:\/\/www.villa-noela.com\/index.php?rest_route=%2Fwp%2Fv2%2Fcomments&post=639"}],"version-history":[{"count":16,"href":"https:\/\/www.villa-noela.com\/index.php?rest_route=\/wp\/v2\/pages\/639\/revisions"}],"predecessor-version":[{"id":1174,"href":"https:\/\/www.villa-noela.com\/index.php?rest_route=\/wp\/v2\/pages\/639\/revisions\/1174"}],"wp:featuredmedia":[{"embeddable":true,"href":"https:\/\/www.villa-noela.com\/index.php?rest_route=\/wp\/v2\/media\/1041"}],"wp:attachment":[{"href":"https:\/\/www.villa-noela.com\/index.php?rest_route=%2Fwp%2Fv2%2Fmedia&parent=639"}],"curies":[{"name":"wp","href":"https:\/\/api.w.org\/{rel}","templated":true}]}}