{"id":32,"date":"2011-11-09T00:41:21","date_gmt":"2011-11-09T00:41:21","guid":{"rendered":"http:\/\/www.villa-noela.com\/?page_id=32"},"modified":"2023-09-12T06:58:12","modified_gmt":"2023-09-12T06:58:12","slug":"apartment-vito","status":"publish","type":"page","link":"https:\/\/www.villa-noela.com\/?page_id=32","title":{"rendered":"<!--:HR-->Apartman Vito<!--:--><!--:en-->Apartment Vito<!--:--><!--:de-->Wohnung Vito<!--:--><!--:it-->Appartamento Vito<!--:-->"},"content":{"rendered":"<p><!--:HR--><img fetchpriority=\"high\" decoding=\"async\" class=\"alignnone size-full wp-image-198\" title=\"ApartmanVito\" src=\"http:\/\/www.villa-noela.com\/wp-content\/uploads\/2011\/11\/ApartmanVito.jpg\" alt=\"\" width=\"800\" height=\"276\" srcset=\"https:\/\/www.villa-noela.com\/wp-content\/uploads\/2011\/11\/ApartmanVito.jpg 800w, https:\/\/www.villa-noela.com\/wp-content\/uploads\/2011\/11\/ApartmanVito-300x103.jpg 300w\" sizes=\"(max-width: 800px) 100vw, 800px\" \/><\/p>\n<h4>Apartman Vito 2+2<\/h4>\n<p>&nbsp;<\/p>\n<p><strong>Opis:<\/strong><\/p>\n<p>Prizemlje 51 m\u00b2, spava\u0107a soba s bra\u010dnim krevetom, * manja&nbsp; soba sa krevetom na kat-bez prozora, dnevni boravak, blagovaonica i kuhinja su jedna prostorija u kojoj se nalazi kau\u010d na razvla\u010denje te ispada le\u017eaj za dvije osobe, kupatilo s tu\u0161em\/ wc, natkrivena terasa<\/p>\n<p>&nbsp;<\/p>\n<p><strong>Sadr\u017eaj:<\/strong><\/p>\n<p>Aparat za kavu, kuhalo za vodu, \u0161tednjak na plin s dvije plo\u010de za kuhanje, su\u0161ilica za kosu, gla\u010dalo i daska za gla\u010danje, sat-TV, sef, be\u017ei\u010dni (free wi-fi) priklju\u010dak na internet, klima ure\u0111aj, perilica za rublje<\/p>\n<p>&nbsp;<\/p>\n<p><strong>Na upit:<\/strong><\/p>\n<p>Dje\u010dji kreveti\u0107 i stolica hranilica za bebu \u2013 5 \u20ac\/ dan<\/p>\n<p>&nbsp;<\/p>\n<p><strong>Pu\u0161enje u apartmanu nije dozvoljeno.<\/strong><\/p>\n<p>&nbsp;<\/p>\n<p>Kalendar popunjenosti i cjenik ispunjavaju vlasnici apartmana sami te postoji mogu\u0107nost da nisu uvijek a\u017eurirani.<\/p>\n<p><strong>&nbsp;<\/strong><\/p>\n<p><strong>Cijena pokriva:<\/strong><\/p>\n<p>Najam smje\u0161taja, posteljinu, kuhinjske krpe, ru\u010dnike, wc papir samo na dolasku, tjedno mjenjanje posteljine, zavr\u0161no \u010di\u0161\u0107enje, potro\u0161nju struje, vode i plina u obi\u010dajenom omjeru.<\/p>\n<p>&nbsp;<\/p>\n<p>U navedene cijene uklju\u010dene su turisti\u010dke takse (prijava boravka te boravi\u0161na pristojba).<\/p>\n<p>&nbsp;<\/p>\n<p>Dragi gosti, ukoliko \u0107e pri odlasku stan biti osobito prljav i neuredan, obra\u0107unat \u0107emo naknadu od 50 eura.<\/p>\n<p>&nbsp;<\/p>\n<p>U VII. i VIII. mjesecu izmjena gostiju vr\u0161i se isklju\u010divo subotom po\u0161tivaju\u0107i vremena:<\/p>\n<p><strong>check in od 14 sati<\/strong><\/p>\n<p><strong>check out do 10 sati<\/strong><\/p>\n<p>&nbsp;<\/p>\n<p>[nggallery id=4]<!--:--><!--:en--><img fetchpriority=\"high\" decoding=\"async\" class=\"alignnone size-full wp-image-198\" title=\"ApartmanVito\" src=\"http:\/\/www.villa-noela.com\/wp-content\/uploads\/2011\/11\/ApartmanVito.jpg\" alt=\"\" width=\"800\" height=\"276\" srcset=\"https:\/\/www.villa-noela.com\/wp-content\/uploads\/2011\/11\/ApartmanVito.jpg 800w, https:\/\/www.villa-noela.com\/wp-content\/uploads\/2011\/11\/ApartmanVito-300x103.jpg 300w\" sizes=\"(max-width: 800px) 100vw, 800px\" \/><\/p>\n<h4>Apartment Vito 2+2<\/h4>\n<p>&nbsp;<\/p>\n<p><strong>Description:<\/strong><\/p>\n<p>Groundfloor 51 m\u00b2, sleeping room with double bed, * room with bunk bed-without window, bathroom with shower\/ wc, the living room and the kitchen are in the same room, where there is also an expandable couch for two people, covered terrace<\/p>\n<p>&nbsp;<\/p>\n<p><strong>Contents:<\/strong><\/p>\n<p>Coffee machine, water cattle, gas stove with two burners, hair dryer, iron and ironing board, sat-TV, safe, free wi-fi internet connection available, air-conditioning system, washing machine<\/p>\n<p>&nbsp;<\/p>\n<p><strong>Upon request:<\/strong><\/p>\n<p>Crib and high chair for baby \u2013 5 \u20ac\/ day<\/p>\n<p>&nbsp;<\/p>\n<p><strong>Smoking in the apartments is not allowed.<\/strong><\/p>\n<p>&nbsp;<\/p>\n<p>The availability calender and the prices are administered by the owner so it may happen that sometimes they are not updated.<\/p>\n<p><strong>&nbsp;<\/strong><\/p>\n<p><strong>The price includes:<\/strong><\/p>\n<p>Rent of the apartment, bed linen (changed weekly), dishcloth, towels, toilet paper on the day of arrival, final cleaning, average usage of water, electricity and gas.<\/p>\n<p>&nbsp;<\/p>\n<p>The price includes all taxes (registration tax and tourist tax).<\/p>\n<p>&nbsp;<\/p>\n<p>Dear guests, should upon your departure the apartment be particularly dirty and untidy, we will have to charge you 30 Euro.<\/p>\n<p>&nbsp;<\/p>\n<p>In July and August you can check in and check out only on Saturday, respecting the times given:<\/p>\n<p><strong>check in after 14 a.m<\/strong>.<\/p>\n<p><strong>check out by 10 a.m.<\/strong><\/p>\n<p>&nbsp;<\/p>\n<p>[nggallery id=4]<!--:--><!--:de--><img fetchpriority=\"high\" decoding=\"async\" class=\"alignnone size-full wp-image-198\" title=\"ApartmanVito\" src=\"http:\/\/www.villa-noela.com\/wp-content\/uploads\/2011\/11\/ApartmanVito.jpg\" alt=\"\" width=\"800\" height=\"276\" srcset=\"https:\/\/www.villa-noela.com\/wp-content\/uploads\/2011\/11\/ApartmanVito.jpg 800w, https:\/\/www.villa-noela.com\/wp-content\/uploads\/2011\/11\/ApartmanVito-300x103.jpg 300w\" sizes=\"(max-width: 800px) 100vw, 800px\" \/><\/p>\n<h4>Wohnung Vito 2+2<\/h4>\n<p>&nbsp;<\/p>\n<p><strong>Beschreibung:<\/strong><\/p>\n<p>Erdgeschoss 51 m\u00b2, Schlafzimmer mit Doppelbett, * Zimmer mit <span class=\"HwtZe\" lang=\"de\"><span class=\"jCAhz ChMk0b\"><span class=\"ryNqvb\">Etagenbett<\/span><\/span><\/span>-ohne Fenster, Wohnzimmer, Speisezimmer und K\u00fcche befinden sich in einem Raum, in dem auch eine Couch zu finden ist, die zu einem, Doppelbett wird, Badezimmer mit Dusche\/ WC, \u00dcberdeckte Terrasse<\/p>\n<p>&nbsp;<\/p>\n<p><strong>Inhalt:<\/strong><\/p>\n<p>Kaffeemaschine, Wasserkocher, Gasherd mit zwei&nbsp; Brennern, Haartrockener, B\u00fcgeleisen und -brett, SAT-TV, Safe, Free wi-fi Internetzugang, Klimaanlage, Waschmaschine<\/p>\n<p>&nbsp;<\/p>\n<p><strong>Auf Anfrage:<\/strong><\/p>\n<p>Kinderbett f\u00fcr Baby und Kinderstuhl \u2013 5 \u20ac\/ Tag<\/p>\n<p>&nbsp;<\/p>\n<p><strong>In der Ferienwohnung ist das Rauchen nicht gestattet.<\/strong><\/p>\n<p>&nbsp;<\/p>\n<p>Der Belegungsplan und die Preise werden direkt vom Besitzer bestimmt und ausgef\u00fcllt und deswegen ist es m\u00f6glich, dass sie nicht immer aktualisiert sind.<\/p>\n<p><strong>&nbsp;<\/strong><\/p>\n<p><strong>Im Preis inbegriffen:<\/strong><\/p>\n<p>Unterkunftsmiete, Bettw\u00e4sche, K\u00fcchent\u00fccher, Handt\u00fccher, Toilettenpapier am Ankunftstag, w\u00f6chentlich saubere Bettw\u00e4sche, Endreinigung, Strom-, Wasser- und Gasverbrauch im gew\u00f6hnlichen Ma\u00df.<\/p>\n<p>&nbsp;<\/p>\n<p>In den gegebenen Preisen sind alle touristischen Taxen (Anmeldungsgeb\u00fchr und Kurtaxe) inbegriffen.<\/p>\n<p>&nbsp;<\/p>\n<p>Liebe G\u00e4ste, sollte bei der Abreise die Ferienwohnung besonders schmutzig und durcheinander sein, wird ein Zuschlag von 30 Euro angerechnet.<\/p>\n<p>&nbsp;<\/p>\n<p>Im Juli und August darf der An- und Abreisetag ausschlie\u00dflich Samstag sein.<\/p>\n<p><strong>check in ab 14 Uhr<\/strong><\/p>\n<p><strong>check out bis 10 Uhr<\/strong><\/p>\n<p>&nbsp;<\/p>\n<p>[nggallery id=4]<!--:--><!--:it--><img fetchpriority=\"high\" decoding=\"async\" class=\"alignnone size-full wp-image-198\" title=\"ApartmanVito\" src=\"http:\/\/www.villa-noela.com\/wp-content\/uploads\/2011\/11\/ApartmanVito.jpg\" alt=\"\" width=\"800\" height=\"276\" srcset=\"https:\/\/www.villa-noela.com\/wp-content\/uploads\/2011\/11\/ApartmanVito.jpg 800w, https:\/\/www.villa-noela.com\/wp-content\/uploads\/2011\/11\/ApartmanVito-300x103.jpg 300w\" sizes=\"(max-width: 800px) 100vw, 800px\" \/><\/p>\n<h4>Appartamento Vito 2+2<\/h4>\n<p>&nbsp;<\/p>\n<p><strong>Descrizione:<\/strong><\/p>\n<p>Pianoterra 51 m\u00b2, stanza da letto con letto matrimoniale,* camera con <span class=\"HwtZe\" lang=\"it\"><span class=\"jCAhz ChMk0b\"><span class=\"ryNqvb\">letto a castello<\/span><\/span><\/span>&#8211; senza finestra, bagno con doccia\/ wc, soggiorno, sala da pranzo e cucina in un&#8217;unica stanza, nella quale si trova anche un divano estendibile (due posti letto), terrazzo coperto<\/p>\n<p>&nbsp;<\/p>\n<p><strong>Contenuti:<\/strong><\/p>\n<p>Macchina per caff\u00e8, bollitore per acqua, ripiano cottura con due fornelli a gas, asciugacapelli, ferro e asse da stiro, TV-sat, cassaforte, wi-fi collegamento internet gratis, condizionatore d&#8217;aria, lavatrice<\/p>\n<p>&nbsp;<\/p>\n<p><strong>Su richiesta:<\/strong><\/p>\n<p>Lettino e seggiolino per beb\u00e8 \u2013 5 \u20ac\/ giorno<\/p>\n<p>&nbsp;<\/p>\n<p><strong>Nell&#8217;appartamento non \u00e8 permesso fumare.<\/strong><\/p>\n<p>&nbsp;<\/p>\n<p>Il calendario della disponibilit\u00e0 e i prezzi vengono amministrati dal proprietario ed esiste quindi la possibilit\u00e0 che qualche volta non siano aggiornati.<\/p>\n<p><strong>&nbsp;<\/strong><\/p>\n<p><strong>Il prezzo comprende:<\/strong><\/p>\n<p>Affitto dell&#8217;appartamento, biancheria da letto (cambiata settimanalmente), strofinacci per la cucina, asciugamani, carta igienica il giorno dell&#8217;arrivo, pulizie finali, consumo di acqua, luce e gas in misure consuete.<\/p>\n<p>&nbsp;<\/p>\n<p>I prezzi comprendono anche le tasse turistiche (tassa di registrazione e tassa di soggiorno).<\/p>\n<p>&nbsp;<\/p>\n<p>Gentili ospiti, qualora alla partenza l&#8217;appartamento sia particolarmente sporco e disordinato, saremo costretti a richiedervi un supplemento di 30 euro.<\/p>\n<p>&nbsp;<\/p>\n<p>A luglio e agosto l&#8217;arrivo e la partenza possono essere soltanto il sabato, rispettando i seguenti orari:<\/p>\n<p><strong>check in dalle ore 14<\/strong><\/p>\n<p><strong>check out entro le ore 10<\/strong><\/p>\n<p>&nbsp;<\/p>\n<p>[nggallery id=4]<!--:--><\/p>\n","protected":false},"excerpt":{"rendered":"<p>Apartman Vito 2+2 &nbsp; Opis: Prizemlje 51 m\u00b2, spava\u0107a soba s bra\u010dnim krevetom, * manja&nbsp; soba sa krevetom na kat-bez prozora, dnevni boravak, blagovaonica i kuhinja su jedna prostorija u kojoj se nalazi kau\u010d na razvla\u010denje te ispada le\u017eaj za dvije osobe, kupatilo s tu\u0161em\/ wc, natkrivena terasa &nbsp; Sadr\u017eaj: [&hellip;]<\/p>\n","protected":false},"author":1,"featured_media":0,"parent":0,"menu_order":0,"comment_status":"closed","ping_status":"open","template":"","meta":{"_themeisle_gutenberg_block_has_review":false,"_kadence_starter_templates_imported_post":false,"footnotes":""},"class_list":["post-32","page","type-page","status-publish","hentry"],"_links":{"self":[{"href":"https:\/\/www.villa-noela.com\/index.php?rest_route=\/wp\/v2\/pages\/32","targetHints":{"allow":["GET"]}}],"collection":[{"href":"https:\/\/www.villa-noela.com\/index.php?rest_route=\/wp\/v2\/pages"}],"about":[{"href":"https:\/\/www.villa-noela.com\/index.php?rest_route=\/wp\/v2\/types\/page"}],"author":[{"embeddable":true,"href":"https:\/\/www.villa-noela.com\/index.php?rest_route=\/wp\/v2\/users\/1"}],"replies":[{"embeddable":true,"href":"https:\/\/www.villa-noela.com\/index.php?rest_route=%2Fwp%2Fv2%2Fcomments&post=32"}],"version-history":[{"count":22,"href":"https:\/\/www.villa-noela.com\/index.php?rest_route=\/wp\/v2\/pages\/32\/revisions"}],"predecessor-version":[{"id":973,"href":"https:\/\/www.villa-noela.com\/index.php?rest_route=\/wp\/v2\/pages\/32\/revisions\/973"}],"wp:attachment":[{"href":"https:\/\/www.villa-noela.com\/index.php?rest_route=%2Fwp%2Fv2%2Fmedia&parent=32"}],"curies":[{"name":"wp","href":"https:\/\/api.w.org\/{rel}","templated":true}]}}