{"id":6,"date":"2011-08-14T12:57:05","date_gmt":"2011-08-14T12:57:05","guid":{"rendered":"http:\/\/www.villa-noela.com\/?page_id=6"},"modified":"2026-01-10T09:22:47","modified_gmt":"2026-01-10T09:22:47","slug":"pricess","status":"publish","type":"page","link":"http:\/\/www.villa-noela.com\/?page_id=6","title":{"rendered":"<!--:HR-->Cijene<!--:--><!--:en-->Prices<!--:--><!--:de-->Preisliste<!--:--><!--:it-->Prezzi <!--:-->"},"content":{"rendered":"<p><!--:HR--><\/p>\n<p><img fetchpriority=\"high\" decoding=\"async\" class=\"alignnone size-full wp-image-106\" title=\"Pricess\" src=\"http:\/\/www.villa-noela.com\/wp-content\/uploads\/2011\/08\/Pricess.jpg\" alt=\"\" width=\"800\" height=\"216\" srcset=\"http:\/\/www.villa-noela.com\/wp-content\/uploads\/2011\/08\/Pricess.jpg 800w, http:\/\/www.villa-noela.com\/wp-content\/uploads\/2011\/08\/Pricess-300x81.jpg 300w\" sizes=\"(max-width: 800px) 100vw, 800px\" \/><\/p>\n<h4>Cijene<\/h4>\n<table class=\"easy-table-creator tablesorter\" style=\"height: 141px;\" width=\"815\">\n<tbody>\n<tr style=\"--darkreader-inline-bgcolor: #223d6a;\" data-darkreader-inline-bgcolor=\"\" bgcolor=\"#2a4c84\">\n<td><span style=\"color: #ffffff;\" data-darkreader-inline-color=\"\"><strong>Apartman Vili<\/strong><\/span><\/td>\n<td><span style=\"color: #ffffff;\" data-darkreader-inline-color=\"\"><strong>1. 7. &#8211; 31. 8.<\/strong><\/span><\/td>\n<td><span style=\"color: #ffffff;\" data-darkreader-inline-color=\"\"><strong>1. 5. &#8211; 30. 6. \/ 1. 9. &#8211; 30.9.<\/strong><\/span><\/td>\n<\/tr>\n<tr style=\"--darkreader-inline-bgcolor: #333739;\" data-darkreader-inline-bgcolor=\"\" bgcolor=\"#c5cdd9\">\n<td><strong>2 osobe<br \/>\n<\/strong><\/td>\n<td>\u00a075 \u20ac na dan<\/td>\n<td>\u00a055 \u20ac na dan<\/td>\n<\/tr>\n<tr style=\"--darkreader-inline-bgcolor: #333739;\" data-darkreader-inline-bgcolor=\"\" bgcolor=\"#c5cdd9\">\n<td><strong>3 osobe* (na upit)<br \/>\n<\/strong><\/td>\n<td>\u00a090 \u20ac na dan<\/td>\n<td>\u00a070 \u20ac na dan<\/td>\n<\/tr>\n<tr style=\"--darkreader-inline-bgcolor: #333739;\" data-darkreader-inline-bgcolor=\"\" bgcolor=\"#c5cdd9\">\n<td><strong>****<br \/>\n<\/strong><\/td>\n<td><\/td>\n<td><\/td>\n<\/tr>\n<\/tbody>\n<\/table>\n<h4><\/h4>\n<table class=\"easy-table-creator tablesorter\" style=\"height: 140px;\" width=\"815\">\n<tbody>\n<tr style=\"--darkreader-inline-bgcolor: #223d6a;\" data-darkreader-inline-bgcolor=\"\" bgcolor=\"#2a4c84\">\n<td><span style=\"color: #ffffff;\" data-darkreader-inline-color=\"\"><strong>Apartman Vito<\/strong><\/span><\/td>\n<td><span style=\"color: #ffffff;\" data-darkreader-inline-color=\"\"><strong>1. 7. &#8211; 31. 8.<\/strong><\/span><\/td>\n<td><span style=\"color: #ffffff;\" data-darkreader-inline-color=\"\"><strong>1. 5. &#8211; 30.6. \/ 1. 9. &#8211; 30.9.<\/strong><\/span><\/td>\n<\/tr>\n<tr style=\"--darkreader-inline-bgcolor: #333739;\" data-darkreader-inline-bgcolor=\"\" bgcolor=\"#c5cdd9\">\n<td><strong>3 osobe<\/strong><\/td>\n<td>\u00a090 \u20ac na dan<\/td>\n<td>\u00a0 70 \u20ac na dan<\/td>\n<\/tr>\n<tr style=\"--darkreader-inline-bgcolor: #333739;\" data-darkreader-inline-bgcolor=\"\" bgcolor=\"#c5cdd9\">\n<td><strong><strong>4 osobe<\/strong><br \/>\n<\/strong><\/td>\n<td>115 \u20ac na dan<\/td>\n<td>\u00a0 90 \u20ac na dan<\/td>\n<\/tr>\n<tr style=\"--darkreader-inline-bgcolor: #333739;\" data-darkreader-inline-bgcolor=\"\" bgcolor=\"#c5cdd9\">\n<td><strong>*****<br \/>\n<\/strong><\/td>\n<td><\/td>\n<td><\/td>\n<\/tr>\n<\/tbody>\n<\/table>\n<h4><\/h4>\n<table class=\"easy-table-creator tablesorter\" style=\"height: 155px;\" width=\"816\">\n<tbody>\n<tr style=\"--darkreader-inline-bgcolor: #223d6a;\" data-darkreader-inline-bgcolor=\"\" bgcolor=\"#2a4c84\">\n<td><span style=\"color: #ffffff;\" data-darkreader-inline-color=\"\"><strong>Apartman Ener<br \/>\n<\/strong><\/span><\/td>\n<td><span style=\"color: #ffffff;\" data-darkreader-inline-color=\"\"><strong>1. 7. &#8211; 31. 8.<\/strong><\/span><\/td>\n<td><span style=\"color: #ffffff;\" data-darkreader-inline-color=\"\"><strong>1. 5. &#8211; 30.6. \/ 1. 9. &#8211; 30. 9.<\/strong><\/span><\/td>\n<\/tr>\n<tr style=\"--darkreader-inline-bgcolor: #333739;\" data-darkreader-inline-bgcolor=\"\" bgcolor=\"#c5cdd9\">\n<td><strong>6 osoba<br \/>\n<\/strong><\/td>\n<td>190 \u20ac na dan<\/td>\n<td>\u00a0150 \u20ac na dan<\/td>\n<\/tr>\n<tr style=\"--darkreader-inline-bgcolor: #333739;\" data-darkreader-inline-bgcolor=\"\" bgcolor=\"#c5cdd9\">\n<td><strong>7 osoba<\/strong><\/td>\n<td>215 \u20ac na dan<\/td>\n<td>\u00a0175 \u20ac na dan<\/td>\n<\/tr>\n<tr style=\"--darkreader-inline-bgcolor: #333739;\" data-darkreader-inline-bgcolor=\"\" bgcolor=\"#c5cdd9\">\n<td><strong>8 osoba<\/strong><\/td>\n<td>240 \u20ac na dan<\/td>\n<td>\u00a0200 \u20ac na dan<\/td>\n<\/tr>\n<tr style=\"--darkreader-inline-bgcolor: #333739;\" data-darkreader-inline-bgcolor=\"\" bgcolor=\"#c5cdd9\">\n<td><\/td>\n<td><\/td>\n<td><\/td>\n<\/tr>\n<\/tbody>\n<\/table>\n<p><strong>\u00a0<\/strong><\/p>\n<p><strong>&#8211;<\/strong>Boravak kra\u0107i od <strong>4<\/strong> no\u0107i napla\u0107uje se <strong>+30%<\/strong>.<\/p>\n<p><strong>-Na po\u010detku boravka napla\u0107uje se kaucija od\u00a0 100 \u20ac za svaki apartman. Kaucija ne\u0107e biti vra\u0107ena na odlasku ako se u apartmanu pojave o\u0161te\u0107enja ili ako apartman bude osobito prljav i neuredan.<\/strong><\/p>\n<p><!--:--><!--:en--><img fetchpriority=\"high\" decoding=\"async\" class=\"alignnone size-full wp-image-106\" title=\"Pricess\" src=\"http:\/\/www.villa-noela.com\/wp-content\/uploads\/2011\/08\/Pricess.jpg\" alt=\"\" width=\"800\" height=\"216\" srcset=\"http:\/\/www.villa-noela.com\/wp-content\/uploads\/2011\/08\/Pricess.jpg 800w, http:\/\/www.villa-noela.com\/wp-content\/uploads\/2011\/08\/Pricess-300x81.jpg 300w\" sizes=\"(max-width: 800px) 100vw, 800px\" \/><\/p>\n<h4>Prices<\/h4>\n<table class=\"easy-table-creator tablesorter\" style=\"height: 141px;\" width=\"815\">\n<tbody>\n<tr style=\"--darkreader-inline-bgcolor: #223d6a;\" data-darkreader-inline-bgcolor=\"\" bgcolor=\"#2a4c84\">\n<td><span style=\"color: #ffffff;\" data-darkreader-inline-color=\"\"><strong>Apartment Vili<\/strong><\/span><\/td>\n<td><span style=\"color: #ffffff;\" data-darkreader-inline-color=\"\"><strong>1. 7. &#8211; 31. 8.<\/strong><\/span><\/td>\n<td><span style=\"color: #ffffff;\" data-darkreader-inline-color=\"\"><strong>1. 5. &#8211; 30. 6. \/ 1. 9. &#8211; 30.9.<\/strong><\/span><\/td>\n<\/tr>\n<tr style=\"--darkreader-inline-bgcolor: #333739;\" data-darkreader-inline-bgcolor=\"\" bgcolor=\"#c5cdd9\">\n<td><strong>2 Pers.<\/strong><\/td>\n<td>\u00a075 \u20ac per day<\/td>\n<td>\u00a055 \u20ac per day<\/td>\n<\/tr>\n<tr style=\"--darkreader-inline-bgcolor: #333739;\" data-darkreader-inline-bgcolor=\"\" bgcolor=\"#c5cdd9\">\n<td><strong>3 Pers.* (on request)<br \/>\n<\/strong><\/td>\n<td>\u00a090 \u20ac per day<\/td>\n<td>\u00a070 \u20ac per day<\/td>\n<\/tr>\n<tr style=\"--darkreader-inline-bgcolor: #333739;\" data-darkreader-inline-bgcolor=\"\" bgcolor=\"#c5cdd9\">\n<td><strong>****<br \/>\n<\/strong><\/td>\n<td><\/td>\n<td><\/td>\n<\/tr>\n<\/tbody>\n<\/table>\n<h4><\/h4>\n<table class=\"easy-table-creator tablesorter\" style=\"height: 138px;\" width=\"815\">\n<tbody>\n<tr style=\"--darkreader-inline-bgcolor: #223d6a;\" data-darkreader-inline-bgcolor=\"\" bgcolor=\"#2a4c84\">\n<td><span style=\"color: #ffffff;\" data-darkreader-inline-color=\"\"><strong>Apartment Vito<br \/>\n<\/strong><\/span><\/td>\n<td><span style=\"color: #ffffff;\" data-darkreader-inline-color=\"\"><strong>1. 7. &#8211; 31. 8.<\/strong><\/span><\/td>\n<td><span style=\"color: #ffffff;\" data-darkreader-inline-color=\"\"><strong>1. 5. &#8211; 30.6. \/ 1. 9. &#8211; 30.9.<\/strong><\/span><\/td>\n<\/tr>\n<tr style=\"--darkreader-inline-bgcolor: #333739;\" data-darkreader-inline-bgcolor=\"\" bgcolor=\"#c5cdd9\">\n<td><strong>3 Pers.<\/strong><\/td>\n<td>\u00a0 90 \u20ac per day<\/td>\n<td>\u00a070 \u20ac per day<\/td>\n<\/tr>\n<tr style=\"--darkreader-inline-bgcolor: #333739;\" data-darkreader-inline-bgcolor=\"\" bgcolor=\"#c5cdd9\">\n<td><strong>4 Pers.<\/strong><\/td>\n<td>\u00a0115 \u20ac per day<\/td>\n<td>\u00a090 \u20ac per day<\/td>\n<\/tr>\n<tr style=\"--darkreader-inline-bgcolor: #333739;\" data-darkreader-inline-bgcolor=\"\" bgcolor=\"#c5cdd9\">\n<td><strong>*****<br \/>\n<\/strong><\/td>\n<td><\/td>\n<td><\/td>\n<\/tr>\n<\/tbody>\n<\/table>\n<h4><\/h4>\n<table class=\"easy-table-creator tablesorter\" style=\"height: 168px;\" width=\"815\">\n<tbody>\n<tr style=\"--darkreader-inline-bgcolor: #223d6a;\" data-darkreader-inline-bgcolor=\"\" bgcolor=\"#2a4c84\">\n<td><span style=\"color: #ffffff;\" data-darkreader-inline-color=\"\"><strong>Apartment Ener<br \/>\n<\/strong><\/span><\/td>\n<td><span style=\"color: #ffffff;\" data-darkreader-inline-color=\"\"><strong>1. 7. &#8211; 31. 8.<br \/>\n<\/strong><\/span><\/td>\n<td><span style=\"color: #ffffff;\" data-darkreader-inline-color=\"\"><strong>1. 5. &#8211; 30.6. \/ 1. 9. &#8211; 30. 9.<\/strong><\/span><\/td>\n<\/tr>\n<tr style=\"--darkreader-inline-bgcolor: #333739;\" data-darkreader-inline-bgcolor=\"\" bgcolor=\"#c5cdd9\">\n<td><strong>6 Pers.<\/strong><\/td>\n<td>190 \u20ac per day<\/td>\n<td>\u00a0150 \u20ac per day<\/td>\n<\/tr>\n<tr style=\"--darkreader-inline-bgcolor: #333739;\" data-darkreader-inline-bgcolor=\"\" bgcolor=\"#c5cdd9\">\n<td><strong>7 Pers.<\/strong><\/td>\n<td>215 \u20ac per day<\/td>\n<td>\u00a0175 \u20ac per day<\/td>\n<\/tr>\n<tr style=\"--darkreader-inline-bgcolor: #333739;\" data-darkreader-inline-bgcolor=\"\" bgcolor=\"#c5cdd9\">\n<td><strong>8 Pers.<\/strong><\/td>\n<td>240 \u20ac per day<\/td>\n<td>\u00a0200 \u20ac per day<\/td>\n<\/tr>\n<tr style=\"--darkreader-inline-bgcolor: #333739;\" data-darkreader-inline-bgcolor=\"\" bgcolor=\"#c5cdd9\">\n<td><\/td>\n<td><\/td>\n<td><\/td>\n<\/tr>\n<\/tbody>\n<\/table>\n<p><strong>&#8211;<\/strong>If you are staying less than <strong>4<\/strong> nights, the prices are <strong>30 %<\/strong> higher.<\/p>\n<p><strong>-Upon your arrival, caution money will be requested ( 100 \u20ac for each apartment). The caution money will not be refunded if at check-out there should be damages or if the apartment is left very dirty and untidy.<\/strong><\/p>\n<p><!--:--><!--:de--><img fetchpriority=\"high\" decoding=\"async\" class=\"alignnone size-full wp-image-106\" title=\"Pricess\" src=\"http:\/\/www.villa-noela.com\/wp-content\/uploads\/2011\/08\/Pricess.jpg\" alt=\"\" width=\"800\" height=\"216\" srcset=\"http:\/\/www.villa-noela.com\/wp-content\/uploads\/2011\/08\/Pricess.jpg 800w, http:\/\/www.villa-noela.com\/wp-content\/uploads\/2011\/08\/Pricess-300x81.jpg 300w\" sizes=\"(max-width: 800px) 100vw, 800px\" \/><\/p>\n<h4>Preisliste<\/h4>\n<table class=\"easy-table-creator tablesorter\" style=\"height: 140px;\" width=\"815\">\n<tbody>\n<tr style=\"--darkreader-inline-bgcolor: #223d6a;\" data-darkreader-inline-bgcolor=\"\" bgcolor=\"#2a4c84\">\n<td><span style=\"color: #ffffff;\" data-darkreader-inline-color=\"\"><strong>Apartment Vili<\/strong><\/span><\/td>\n<td><span style=\"color: #ffffff;\" data-darkreader-inline-color=\"\"><strong>1. 7. &#8211; 31. 8.<\/strong><\/span><\/td>\n<td><span style=\"color: #ffffff;\" data-darkreader-inline-color=\"\"><strong>1. 5. &#8211; 30. 6. \/ 1. 9. &#8211; 30.9.<\/strong><\/span><\/td>\n<\/tr>\n<tr style=\"--darkreader-inline-bgcolor: #333739;\" data-darkreader-inline-bgcolor=\"\" bgcolor=\"#c5cdd9\">\n<td><strong>2 Pers.<\/strong><\/td>\n<td>\u00a075 \u20ac pro Tag<\/td>\n<td>\u00a055 \u20ac pro Tag<\/td>\n<\/tr>\n<tr style=\"--darkreader-inline-bgcolor: #333739;\" data-darkreader-inline-bgcolor=\"\" bgcolor=\"#c5cdd9\">\n<td><strong>3 Pers.* (auf Anfrage)<br \/>\n<\/strong><\/td>\n<td>\u00a090 \u20ac pro Tag<\/td>\n<td>\u00a070 \u20ac pro Tag<\/td>\n<\/tr>\n<tr style=\"--darkreader-inline-bgcolor: #333739;\" data-darkreader-inline-bgcolor=\"\" bgcolor=\"#c5cdd9\">\n<td><strong>****<br \/>\n<\/strong><\/td>\n<td><\/td>\n<td><\/td>\n<\/tr>\n<\/tbody>\n<\/table>\n<h4><\/h4>\n<table class=\"easy-table-creator tablesorter\" style=\"height: 140px;\" width=\"815\">\n<tbody>\n<tr style=\"--darkreader-inline-bgcolor: #223d6a;\" data-darkreader-inline-bgcolor=\"\" bgcolor=\"#2a4c84\">\n<td><span style=\"color: #ffffff;\" data-darkreader-inline-color=\"\"><strong>Apartment Vito<\/strong><\/span><\/td>\n<td><span style=\"color: #ffffff;\" data-darkreader-inline-color=\"\"><strong>1. 7. &#8211; 31. 8.<\/strong><\/span><\/td>\n<td><span style=\"color: #ffffff;\" data-darkreader-inline-color=\"\"><strong>1. 5. &#8211; 30.6. \/ 1. 9. &#8211; 30.9.<\/strong><\/span><\/td>\n<\/tr>\n<tr style=\"--darkreader-inline-bgcolor: #333739;\" data-darkreader-inline-bgcolor=\"\" bgcolor=\"#c5cdd9\">\n<td><strong>3 Pers.<\/strong><\/td>\n<td>\u00a090 \u20ac pro Tag<\/td>\n<td>\u00a070 \u20ac pro Tag<\/td>\n<\/tr>\n<tr style=\"--darkreader-inline-bgcolor: #333739;\" data-darkreader-inline-bgcolor=\"\" bgcolor=\"#c5cdd9\">\n<td><strong><strong>4 Pers.<\/strong><\/strong><\/td>\n<td>115 \u20ac pro Tag<\/td>\n<td>\u00a090 \u20ac pro Tag<\/td>\n<\/tr>\n<tr style=\"--darkreader-inline-bgcolor: #333739;\" data-darkreader-inline-bgcolor=\"\" bgcolor=\"#c5cdd9\">\n<td><strong><strong><strong><strong><strong>*****<br \/>\n<\/strong><\/strong><\/strong><\/strong><\/strong><\/td>\n<td><\/td>\n<td><\/td>\n<\/tr>\n<\/tbody>\n<\/table>\n<h4><\/h4>\n<table class=\"easy-table-creator tablesorter\" style=\"height: 170px;\" width=\"815\">\n<tbody>\n<tr style=\"--darkreader-inline-bgcolor: #223d6a;\" data-darkreader-inline-bgcolor=\"\" bgcolor=\"#2a4c84\">\n<td><span style=\"color: #ffffff;\" data-darkreader-inline-color=\"\"><strong>Apartment Ener<br \/>\n<\/strong><\/span><\/td>\n<td><span style=\"color: #ffffff;\" data-darkreader-inline-color=\"\"><strong>1. 7. &#8211; 31. 8.<br \/>\n<\/strong><\/span><\/td>\n<td><span style=\"color: #ffffff;\" data-darkreader-inline-color=\"\"><strong>1. 5. &#8211; 30.6. \/ 1. 9. &#8211; 30. 9.<\/strong><\/span><\/td>\n<\/tr>\n<tr style=\"--darkreader-inline-bgcolor: #333739;\" data-darkreader-inline-bgcolor=\"\" bgcolor=\"#c5cdd9\">\n<td><strong>6 Pers.<\/strong><\/td>\n<td>190 \u20ac pro Tag<\/td>\n<td>\u00a0150 \u20ac pro Tag<\/td>\n<\/tr>\n<tr style=\"--darkreader-inline-bgcolor: #333739;\" data-darkreader-inline-bgcolor=\"\" bgcolor=\"#c5cdd9\">\n<td><strong>7 Pers.<\/strong><\/td>\n<td>215 \u20ac pro Tag<\/td>\n<td>\u00a0175 \u20ac pro Tag<\/td>\n<\/tr>\n<tr style=\"--darkreader-inline-bgcolor: #333739;\" data-darkreader-inline-bgcolor=\"\" bgcolor=\"#c5cdd9\">\n<td><strong>8 Pers.<\/strong><\/td>\n<td>240 \u20ac pro Tag<\/td>\n<td>\u00a0200 \u20ac pro Tag<\/td>\n<\/tr>\n<tr style=\"--darkreader-inline-bgcolor: #333739;\" data-darkreader-inline-bgcolor=\"\" bgcolor=\"#c5cdd9\">\n<td><\/td>\n<td><\/td>\n<td><\/td>\n<\/tr>\n<\/tbody>\n<\/table>\n<p><strong>\u00a0<\/strong><\/p>\n<p><strong>&#8211;<\/strong>F\u00fcr einen Aufenthalt, der weniger als <strong>4<\/strong> N\u00e4chte dauert, erh\u00f6ht sich der Preis um <strong>30 %<\/strong>.<\/p>\n<p><strong>-Eine Kaution von\u00a0 100 \u20ac f\u00fcr die Wohnung\u00a0 wird an der Ankunft erfordert. Diese wird nicht zur\u00fcck erstattet, wenn es an der Abfahrt in der Wohnung Sch\u00e4den gibt bzw. wenn sie besoders schmutzig und unordentlich verlassen wird.<\/strong><\/p>\n<p><!--:--><!--:it--><img fetchpriority=\"high\" decoding=\"async\" class=\"alignnone size-full wp-image-106\" title=\"Pricess\" src=\"http:\/\/www.villa-noela.com\/wp-content\/uploads\/2011\/08\/Pricess.jpg\" alt=\"\" width=\"800\" height=\"216\" srcset=\"http:\/\/www.villa-noela.com\/wp-content\/uploads\/2011\/08\/Pricess.jpg 800w, http:\/\/www.villa-noela.com\/wp-content\/uploads\/2011\/08\/Pricess-300x81.jpg 300w\" sizes=\"(max-width: 800px) 100vw, 800px\" \/><\/p>\n<h4>Prezzi<\/h4>\n<table class=\"easy-table-creator tablesorter\" style=\"height: 140px;\" width=\"815\">\n<tbody>\n<tr style=\"--darkreader-inline-bgcolor: #223d6a;\" data-darkreader-inline-bgcolor=\"\" bgcolor=\"#2a4c84\">\n<td><span style=\"color: #ffffff;\" data-darkreader-inline-color=\"\"><strong>Apartment Vili<\/strong><\/span><\/td>\n<td><span style=\"color: #ffffff;\" data-darkreader-inline-color=\"\"><strong>1. 7. &#8211; 31. 8.<\/strong><\/span><\/td>\n<td><span style=\"color: #ffffff;\" data-darkreader-inline-color=\"\"><strong>1. 5. &#8211; 30. 6. \/ 1. 9. &#8211; 30.9.<\/strong><\/span><\/td>\n<\/tr>\n<tr style=\"--darkreader-inline-bgcolor: #333739;\" data-darkreader-inline-bgcolor=\"\" bgcolor=\"#c5cdd9\">\n<td><strong>2 Pers.<\/strong><\/td>\n<td>\u00a075 \u20ac al giorno<\/td>\n<td>\u00a055 \u20ac al giorno<\/td>\n<\/tr>\n<tr style=\"--darkreader-inline-bgcolor: #333739;\" data-darkreader-inline-bgcolor=\"\" bgcolor=\"#c5cdd9\">\n<td><strong>3 Pers.* (su richiesta)<br \/>\n<\/strong><\/td>\n<td>\u00a090 \u20ac al giorno<\/td>\n<td style=\"text-align: left;\">\u00a070 \u20ac al giorno<\/td>\n<\/tr>\n<tr style=\"--darkreader-inline-bgcolor: #333739;\" data-darkreader-inline-bgcolor=\"\" bgcolor=\"#c5cdd9\">\n<td><strong>****<\/strong><\/td>\n<td><\/td>\n<td><\/td>\n<\/tr>\n<\/tbody>\n<\/table>\n<h4><\/h4>\n<table class=\"easy-table-creator tablesorter\" style=\"height: 140px;\" width=\"815\">\n<tbody>\n<tr style=\"--darkreader-inline-bgcolor: #223d6a;\" data-darkreader-inline-bgcolor=\"\" bgcolor=\"#2a4c84\">\n<td><span style=\"color: #ffffff;\" data-darkreader-inline-color=\"\"><strong>Apartment Vito<\/strong><\/span><\/td>\n<td><span style=\"color: #ffffff;\" data-darkreader-inline-color=\"\"><strong>1. 7. &#8211; 31. 8.<\/strong><\/span><\/td>\n<td><span style=\"color: #ffffff;\" data-darkreader-inline-color=\"\"><strong>1. 5. &#8211; 30.6. \/ 1. 9. &#8211; 30.9.<\/strong><\/span><\/td>\n<\/tr>\n<tr style=\"--darkreader-inline-bgcolor: #333739;\" data-darkreader-inline-bgcolor=\"\" bgcolor=\"#c5cdd9\">\n<td><strong>3 Pers.<\/strong><\/td>\n<td>\u00a090 \u20ac al giorno<\/td>\n<td>\u00a070 \u20ac al giorno<\/td>\n<\/tr>\n<tr style=\"--darkreader-inline-bgcolor: #333739;\" data-darkreader-inline-bgcolor=\"\" bgcolor=\"#c5cdd9\">\n<td><strong><strong>4 Pers.<\/strong><\/strong><\/td>\n<td>115 \u20ac al giorno<\/td>\n<td>\u00a090 \u20ac al giorno<\/td>\n<\/tr>\n<tr style=\"--darkreader-inline-bgcolor: #333739;\" data-darkreader-inline-bgcolor=\"\" bgcolor=\"#c5cdd9\">\n<td><strong><strong>*****<br \/>\n<\/strong><\/strong><\/td>\n<td><\/td>\n<td><\/td>\n<\/tr>\n<\/tbody>\n<\/table>\n<h4><\/h4>\n<table class=\"easy-table-creator tablesorter\" style=\"height: 171px;\" width=\"815\">\n<tbody>\n<tr style=\"--darkreader-inline-bgcolor: #223d6a;\" data-darkreader-inline-bgcolor=\"\" bgcolor=\"#2a4c84\">\n<td><span style=\"color: #ffffff;\" data-darkreader-inline-color=\"\"><strong>Apartment Ener<br \/>\n<\/strong><\/span><\/td>\n<td><span style=\"color: #ffffff;\" data-darkreader-inline-color=\"\"><strong>1. 7. &#8211; 31. 8.<br \/>\n<\/strong><\/span><\/td>\n<td><span style=\"color: #ffffff;\" data-darkreader-inline-color=\"\"><strong>1. 5. &#8211; 30.6. \/ 1. 9. &#8211; 30. 9.<\/strong><\/span><\/td>\n<\/tr>\n<tr style=\"--darkreader-inline-bgcolor: #333739;\" data-darkreader-inline-bgcolor=\"\" bgcolor=\"#c5cdd9\">\n<td><strong>6 Pers.<\/strong><\/td>\n<td>190 \u20ac al giorno<\/td>\n<td>\u00a0150 \u20ac al giorno<\/td>\n<\/tr>\n<tr style=\"--darkreader-inline-bgcolor: #333739;\" data-darkreader-inline-bgcolor=\"\" bgcolor=\"#c5cdd9\">\n<td><strong>7 Pers.<\/strong><\/td>\n<td>215 \u20ac al giorno<\/td>\n<td>\u00a0175 \u20ac al giorno<\/td>\n<\/tr>\n<tr style=\"--darkreader-inline-bgcolor: #333739;\" data-darkreader-inline-bgcolor=\"\" bgcolor=\"#c5cdd9\">\n<td><strong>8 Pers.<\/strong><\/td>\n<td>240 \u20ac al giorno<\/td>\n<td>\u00a0200 \u20ac al giorno<\/td>\n<\/tr>\n<tr style=\"--darkreader-inline-bgcolor: #333739;\" data-darkreader-inline-bgcolor=\"\" bgcolor=\"#c5cdd9\">\n<td><\/td>\n<td><\/td>\n<td><\/td>\n<\/tr>\n<\/tbody>\n<\/table>\n<p><strong>\u00a0<\/strong><\/p>\n<p><strong>&#8211;<\/strong>Per un soggiorno di meno di <strong>4<\/strong> notti i prezzi aumentano del 3<strong>0 %<\/strong>.<\/p>\n<p><strong>-All&#8217;inizio del soggiorno verr\u00e0 riscossa una cauzione pari a\u00a0 100 \u20ac per l&#8217;appartamento. La cauzione non verr\u00e0 restituita se nell&#8217;appartamento, alla partenza, verranno riscontrati danni oppure se l&#8217;appartamento sar\u00e0 particolarmente sporco e disordinato.<\/strong><\/p>\n<p><!--:--><\/p>\n","protected":false},"excerpt":{"rendered":"<p>Cijene Apartman Vili 1. 7. &#8211; 31. 8. 1. 5. &#8211; 30. 6. \/ 1. 9. &#8211; 30.9. 2 osobe \u00a075 \u20ac na dan \u00a055 \u20ac na dan 3 osobe* (na upit) \u00a090 \u20ac na dan \u00a070 \u20ac na dan **** Apartman Vito 1. 7. &#8211; 31. 8. 1. 5. [&hellip;]<\/p>\n","protected":false},"author":1,"featured_media":0,"parent":0,"menu_order":0,"comment_status":"closed","ping_status":"closed","template":"","meta":{"_themeisle_gutenberg_block_has_review":false,"_kadence_starter_templates_imported_post":false,"footnotes":""},"class_list":["post-6","page","type-page","status-publish","hentry"],"_links":{"self":[{"href":"http:\/\/www.villa-noela.com\/index.php?rest_route=\/wp\/v2\/pages\/6","targetHints":{"allow":["GET"]}}],"collection":[{"href":"http:\/\/www.villa-noela.com\/index.php?rest_route=\/wp\/v2\/pages"}],"about":[{"href":"http:\/\/www.villa-noela.com\/index.php?rest_route=\/wp\/v2\/types\/page"}],"author":[{"embeddable":true,"href":"http:\/\/www.villa-noela.com\/index.php?rest_route=\/wp\/v2\/users\/1"}],"replies":[{"embeddable":true,"href":"http:\/\/www.villa-noela.com\/index.php?rest_route=%2Fwp%2Fv2%2Fcomments&post=6"}],"version-history":[{"count":158,"href":"http:\/\/www.villa-noela.com\/index.php?rest_route=\/wp\/v2\/pages\/6\/revisions"}],"predecessor-version":[{"id":1212,"href":"http:\/\/www.villa-noela.com\/index.php?rest_route=\/wp\/v2\/pages\/6\/revisions\/1212"}],"wp:attachment":[{"href":"http:\/\/www.villa-noela.com\/index.php?rest_route=%2Fwp%2Fv2%2Fmedia&parent=6"}],"curies":[{"name":"wp","href":"https:\/\/api.w.org\/{rel}","templated":true}]}}