{"id":1007,"date":"2025-05-02T16:18:11","date_gmt":"2025-05-02T16:18:11","guid":{"rendered":"https:\/\/www.villa-noela.com\/?page_id=1007"},"modified":"2026-01-10T09:37:12","modified_gmt":"2026-01-10T09:37:12","slug":"preisliste","status":"publish","type":"page","link":"http:\/\/www.villa-noela.com\/?page_id=1007&lang=de","title":{"rendered":"Preisliste"},"content":{"rendered":"\n<p><\/p>\n\n\n\n<figure class=\"wp-block-table\"><table class=\"has-fixed-layout\"><tbody><tr><td><strong>Wohnung 1<\/strong><\/td><td><strong>1. 7. &#8211; 31. 8.<\/strong><\/td><td><strong>1. 5. &#8211; 30. 6. \/ 1. 9. &#8211; 30.9.<\/strong><\/td><\/tr><tr><td><strong>2 Pers.<\/strong><\/td><td>&nbsp;75 \u20ac pro Tag<\/td><td>&nbsp;55 \u20ac pro Tag<\/td><\/tr><tr><td><strong>3 Pers.* (auf Anfrage)<\/strong><\/td><td>&nbsp;90 \u20ac pro Tag<\/td><td>&nbsp;70 \u20ac pro Tag<\/td><\/tr><tr><td><strong>****<\/strong><\/td><td>&nbsp;<\/td><td>&nbsp;<\/td><\/tr><\/tbody><\/table><\/figure>\n\n\n\n<figure class=\"wp-block-table\"><table class=\"has-fixed-layout\"><tbody><tr><td><strong>Wohnung 2<\/strong><\/td><td><strong>1. 7. &#8211; 31. 8.<\/strong><\/td><td><strong>1. 5. &#8211; 30.6. \/ 1. 9. &#8211; 30.9.<\/strong><\/td><\/tr><tr><td><strong>3 Pers.<\/strong><\/td><td>&nbsp;90 \u20ac pro Tag<\/td><td>&nbsp;70 \u20ac pro Tag<\/td><\/tr><tr><td><strong>4 Pers.<\/strong><\/td><td>115 \u20ac pro Tag<\/td><td>&nbsp;90 \u20ac pro Tag<\/td><\/tr><tr><td><strong>*****&nbsp;&nbsp;&nbsp;&nbsp;&nbsp;&nbsp;&nbsp;&nbsp;&nbsp;&nbsp;&nbsp;&nbsp;&nbsp;&nbsp;&nbsp;&nbsp;&nbsp;&nbsp;&nbsp;&nbsp;&nbsp;&nbsp;&nbsp;&nbsp;&nbsp;&nbsp;&nbsp;<\/strong><\/td><td>&nbsp;<\/td><td>&nbsp;<\/td><\/tr><\/tbody><\/table><\/figure>\n\n\n\n<figure class=\"wp-block-table\"><table class=\"has-fixed-layout\"><tbody><tr><td><strong>Wohnung 3\u00a0\u00a0\u00a0\u00a0\u00a0\u00a0\u00a0\u00a0\u00a0\u00a0<\/strong><\/td><td><strong>1. 7. &#8211; 31. 8.&nbsp;&nbsp;&nbsp;&nbsp;<\/strong><\/td><td><strong>1. 5. &#8211; 30.6. \/ 1. 9. &#8211; 30. 9.<\/strong><\/td><\/tr><tr><td><strong>6 Pers.<\/strong><\/td><td>190 \u20ac pro Tag<\/td><td>\u00a0150 \u20ac pro Tag<\/td><\/tr><tr><td><strong>7 Pers.<\/strong><\/td><td>215 \u20ac pro Tag<\/td><td>&nbsp;175 \u20ac pro Tag<\/td><\/tr><tr><td><strong>8 Pers.<\/strong><\/td><td>240 \u20ac pro Tag<\/td><td>&nbsp;200 \u20ac pro Tag<\/td><\/tr><tr><td>&nbsp;<\/td><td>&nbsp;<\/td><td>&nbsp;<\/td><\/tr><\/tbody><\/table><\/figure>\n\n\n\n<p><strong>&#8211;<\/strong>F\u00fcr einen Aufenthalt, der weniger als <strong>4<\/strong> N\u00e4chte dauert, erh\u00f6ht sich der Preis um <strong>30 %<\/strong>.<\/p>\n\n\n\n<p><strong>-Eine Kaution von&nbsp; 100 \u20ac f\u00fcr die Wohnung&nbsp; wird an der Ankunft erfordert. Diese wird nicht zur\u00fcck erstattet, wenn es an der Abfahrt in der Wohnung Sch\u00e4den gibt bzw. wenn sie besoders schmutzig und unordentlich verlassen wird.<\/strong><\/p>\n","protected":false},"excerpt":{"rendered":"<p>Wohnung 1 1. 7. &#8211; 31. 8. 1. 5. &#8211; 30. 6. \/ 1. 9. &#8211; 30.9. 2 Pers. &nbsp;75 \u20ac pro Tag &nbsp;55 \u20ac pro Tag 3 Pers.* (auf Anfrage) &nbsp;90 \u20ac pro Tag &nbsp;70 \u20ac pro Tag **** &nbsp; &nbsp; Wohnung 2 1. 7. &#8211; 31. 8. 1. [&hellip;]<\/p>\n","protected":false},"author":1,"featured_media":0,"parent":0,"menu_order":0,"comment_status":"closed","ping_status":"closed","template":"","meta":{"_themeisle_gutenberg_block_has_review":false,"_kadence_starter_templates_imported_post":false,"footnotes":""},"class_list":["post-1007","page","type-page","status-publish","hentry"],"_links":{"self":[{"href":"http:\/\/www.villa-noela.com\/index.php?rest_route=\/wp\/v2\/pages\/1007","targetHints":{"allow":["GET"]}}],"collection":[{"href":"http:\/\/www.villa-noela.com\/index.php?rest_route=\/wp\/v2\/pages"}],"about":[{"href":"http:\/\/www.villa-noela.com\/index.php?rest_route=\/wp\/v2\/types\/page"}],"author":[{"embeddable":true,"href":"http:\/\/www.villa-noela.com\/index.php?rest_route=\/wp\/v2\/users\/1"}],"replies":[{"embeddable":true,"href":"http:\/\/www.villa-noela.com\/index.php?rest_route=%2Fwp%2Fv2%2Fcomments&post=1007"}],"version-history":[{"count":3,"href":"http:\/\/www.villa-noela.com\/index.php?rest_route=\/wp\/v2\/pages\/1007\/revisions"}],"predecessor-version":[{"id":1215,"href":"http:\/\/www.villa-noela.com\/index.php?rest_route=\/wp\/v2\/pages\/1007\/revisions\/1215"}],"wp:attachment":[{"href":"http:\/\/www.villa-noela.com\/index.php?rest_route=%2Fwp%2Fv2%2Fmedia&parent=1007"}],"curies":[{"name":"wp","href":"https:\/\/api.w.org\/{rel}","templated":true}]}}