{"id":1001,"date":"2025-05-02T16:16:14","date_gmt":"2025-05-02T16:16:14","guid":{"rendered":"https:\/\/www.villa-noela.com\/?page_id=1001"},"modified":"2025-05-06T19:41:49","modified_gmt":"2025-05-06T19:41:49","slug":"wohnung-1","status":"publish","type":"page","link":"http:\/\/www.villa-noela.com\/?page_id=1001&lang=de","title":{"rendered":"Wohnung 1"},"content":{"rendered":"\n<h4 class=\"wp-block-heading\">Wohnung 1 &#8211; 2+2*(auf Anfrage)<\/h4>\n\n\n\n<p><strong>Beschreibung:<\/strong><\/p>\n\n\n\n<p>Erdgeschoss 44 m\u00b2, Schlafzimmer mit Doppelbett, Badezimmer mit Dusche\/ WC, Wohnzimmer, Speisezimmer und K\u00fcche befinden sich in einem Raum, in dem auch eine Couch zu finden ist, die zu einem Doppelbett wird.<\/p>\n\n\n\n<p><strong>Inhalt:<\/strong><\/p>\n\n\n\n<p>Kaffeemaschine, Wasserkocher, Gasherd mit zwei&nbsp; Brennern, Haartrockener, B\u00fcgeleisen und -brett, SAT-TV, Safe, Free wi-fi Internetzugang, Klimaanlage, Waschmaschine<\/p>\n\n\n\n<p><strong>Auf Anfrage:<\/strong><\/p>\n\n\n\n<p>Kinderbett f\u00fcr Baby und Kinderstuhl \u2013 5 \u20ac\/ Tag<\/p>\n\n\n\n<p><strong>In der Ferienwohnung ist das Rauchen nicht gestattet.<\/strong><\/p>\n\n\n\n<p>Der Belegungsplan und die Preise werden direkt vom Besitzer bestimmt und ausgef\u00fcllt und deswegen ist es m\u00f6glich, dass sie nicht immer aktualisiert sind.<\/p>\n\n\n\n<p><strong>Im Preis inbegriffen:<\/strong><\/p>\n\n\n\n<p>Unterkunftsmiete, Bettw\u00e4sche, K\u00fcchent\u00fccher, Handt\u00fccher, Toilettenpapier am Ankunftstag, w\u00f6chentlich saubere Bettw\u00e4sche, Endreinigung, Strom-, Wasser- und Gasverbrauch im gew\u00f6hnlichen Ma\u00df.<\/p>\n\n\n\n<p>In den gegebenen Preisen sind alle touristischen Taxen (Anmeldungsgeb\u00fchr und Kurtaxe) inbegriffen.<\/p>\n\n\n\n<p>Liebe G\u00e4ste, sollte bei der Abreise die Ferienwohnung besonders schmutzig und durcheinander sein, wird ein Zuschlag von 50 Euro angerechnet.<\/p>\n\n\n\n<p><\/p>\n\n\n\n<p><strong>check in ab 14 Uhr<\/strong><\/p>\n\n\n\n<p><strong>check out bis 10 Uhr<\/strong><\/p>\n\n\n\n<div id=\"wp-block-themeisle-blocks-slider-2f93fade\" class=\"wp-block-themeisle-blocks-slider glide\" data-per-view=\"1\" data-gap=\"0\" data-peek=\"0\" data-autoplay=\"true\" data-height=\"400px\" data-hide-arrows=\"false\"><div class=\"glide__track\" data-glide-el=\"track\"><div class=\"glide__slides\"><div class=\"wp-block-themeisle-blocks-slider-item-wrapper glide__slide\" tabindex=\"0\"><figure><img decoding=\"async\" class=\"wp-block-themeisle-blocks-slider-item\" src=\"http:\/\/www.villa-noela.com\/wp-content\/uploads\/2025\/05\/4soba.jpg\" alt=\"\" title=\"\" data-id=\"1071\"\/><\/figure><\/div><div class=\"wp-block-themeisle-blocks-slider-item-wrapper glide__slide\" tabindex=\"0\"><figure><img decoding=\"async\" class=\"wp-block-themeisle-blocks-slider-item\" src=\"http:\/\/www.villa-noela.com\/wp-content\/uploads\/2025\/05\/5kupatilo.jpg\" alt=\"\" title=\"\" data-id=\"1072\"\/><\/figure><\/div><div class=\"wp-block-themeisle-blocks-slider-item-wrapper glide__slide\" tabindex=\"0\"><figure><img decoding=\"async\" class=\"wp-block-themeisle-blocks-slider-item\" src=\"http:\/\/www.villa-noela.com\/wp-content\/uploads\/2025\/05\/3blagavaonica.jpg\" alt=\"\" title=\"\" data-id=\"1070\"\/><\/figure><\/div><div class=\"wp-block-themeisle-blocks-slider-item-wrapper glide__slide\" tabindex=\"0\"><figure><img decoding=\"async\" class=\"wp-block-themeisle-blocks-slider-item\" src=\"http:\/\/www.villa-noela.com\/wp-content\/uploads\/2025\/05\/2blagavaonica.jpg\" alt=\"\" title=\"\" data-id=\"1069\"\/><\/figure><\/div><div class=\"wp-block-themeisle-blocks-slider-item-wrapper glide__slide\" tabindex=\"0\"><figure><img decoding=\"async\" class=\"wp-block-themeisle-blocks-slider-item\" src=\"http:\/\/www.villa-noela.com\/wp-content\/uploads\/2025\/05\/1terasa.jpg\" alt=\"\" title=\"\" data-id=\"1068\"\/><\/figure><\/div><\/div><div class=\"glide__bullets\" data-glide-el=\"controls[nav]\"><button class=\"glide__bullet\" data-glide-dir=\"=0\"><\/button><button class=\"glide__bullet\" data-glide-dir=\"=1\"><\/button><button class=\"glide__bullet\" data-glide-dir=\"=2\"><\/button><button class=\"glide__bullet\" data-glide-dir=\"=3\"><\/button><button class=\"glide__bullet\" data-glide-dir=\"=4\"><\/button><\/div><\/div><\/div>\n","protected":false},"excerpt":{"rendered":"<p>Wohnung 1 &#8211; 2+2*(auf Anfrage) Beschreibung: Erdgeschoss 44 m\u00b2, Schlafzimmer mit Doppelbett, Badezimmer mit Dusche\/ WC, Wohnzimmer, Speisezimmer und K\u00fcche befinden sich in einem Raum, in dem auch eine Couch zu finden ist, die zu einem Doppelbett wird. Inhalt: Kaffeemaschine, Wasserkocher, Gasherd mit zwei&nbsp; Brennern, Haartrockener, B\u00fcgeleisen und -brett, SAT-TV, [&hellip;]<\/p>\n","protected":false},"author":1,"featured_media":1041,"parent":0,"menu_order":0,"comment_status":"closed","ping_status":"closed","template":"","meta":{"_themeisle_gutenberg_block_has_review":false,"_kadence_starter_templates_imported_post":false,"footnotes":""},"class_list":["post-1001","page","type-page","status-publish","has-post-thumbnail","hentry"],"_links":{"self":[{"href":"http:\/\/www.villa-noela.com\/index.php?rest_route=\/wp\/v2\/pages\/1001","targetHints":{"allow":["GET"]}}],"collection":[{"href":"http:\/\/www.villa-noela.com\/index.php?rest_route=\/wp\/v2\/pages"}],"about":[{"href":"http:\/\/www.villa-noela.com\/index.php?rest_route=\/wp\/v2\/types\/page"}],"author":[{"embeddable":true,"href":"http:\/\/www.villa-noela.com\/index.php?rest_route=\/wp\/v2\/users\/1"}],"replies":[{"embeddable":true,"href":"http:\/\/www.villa-noela.com\/index.php?rest_route=%2Fwp%2Fv2%2Fcomments&post=1001"}],"version-history":[{"count":4,"href":"http:\/\/www.villa-noela.com\/index.php?rest_route=\/wp\/v2\/pages\/1001\/revisions"}],"predecessor-version":[{"id":1178,"href":"http:\/\/www.villa-noela.com\/index.php?rest_route=\/wp\/v2\/pages\/1001\/revisions\/1178"}],"wp:featuredmedia":[{"embeddable":true,"href":"http:\/\/www.villa-noela.com\/index.php?rest_route=\/wp\/v2\/media\/1041"}],"wp:attachment":[{"href":"http:\/\/www.villa-noela.com\/index.php?rest_route=%2Fwp%2Fv2%2Fmedia&parent=1001"}],"curies":[{"name":"wp","href":"https:\/\/api.w.org\/{rel}","templated":true}]}}